{"id":61,"date":"2024-04-01T16:21:17","date_gmt":"2024-04-01T14:21:17","guid":{"rendered":"https:\/\/jl-co.fr\/?page_id=61"},"modified":"2024-06-04T18:48:17","modified_gmt":"2024-06-04T16:48:17","slug":"politique-de-confidentialite","status":"publish","type":"page","link":"https:\/\/jl-co.fr\/index.php\/politique-de-confidentialite\/","title":{"rendered":"Politique de confidentialit\u00e9"},"content":{"rendered":"\t\t<div data-elementor-type=\"wp-page\" data-elementor-id=\"61\" class=\"elementor elementor-61\">\n\t\t\t\t<div class=\"elementor-element elementor-element-a1f724c e-flex e-con-boxed e-con e-parent\" data-id=\"a1f724c\" data-element_type=\"container\" data-e-type=\"container\" data-settings=\"{&quot;background_background&quot;:&quot;gradient&quot;}\">\n\t\t\t\t\t<div class=\"e-con-inner\">\n\t\t\t\t<div class=\"elementor-element elementor-element-6d753ac elementor-widget elementor-widget-heading\" data-id=\"6d753ac\" data-element_type=\"widget\" data-e-type=\"widget\" data-widget_type=\"heading.default\">\n\t\t\t\t<div class=\"elementor-widget-container\">\n\t\t\t\t\t<h2 class=\"elementor-heading-title elementor-size-default\">Politique de confidentialit\u00e9<\/h2>\t\t\t\t<\/div>\n\t\t\t\t<\/div>\n\t\t\t\t\t<\/div>\n\t\t\t\t<\/div>\n\t\t<div class=\"elementor-element elementor-element-f48ecf4 e-con-full e-flex e-con e-parent\" data-id=\"f48ecf4\" data-element_type=\"container\" data-e-type=\"container\">\n\t\t\t\t<div class=\"elementor-element elementor-element-f1d473b elementor-widget-divider--view-line elementor-widget elementor-widget-divider\" data-id=\"f1d473b\" data-element_type=\"widget\" data-e-type=\"widget\" data-widget_type=\"divider.default\">\n\t\t\t\t<div class=\"elementor-widget-container\">\n\t\t\t\t\t\t\t<div class=\"elementor-divider\">\n\t\t\t<span class=\"elementor-divider-separator\">\n\t\t\t\t\t\t<\/span>\n\t\t<\/div>\n\t\t\t\t\t\t<\/div>\n\t\t\t\t<\/div>\n\t\t\t\t<div class=\"elementor-element elementor-element-293f220 elementor-widget elementor-widget-text-editor\" data-id=\"293f220\" data-element_type=\"widget\" data-e-type=\"widget\" data-widget_type=\"text-editor.default\">\n\t\t\t\t<div class=\"elementor-widget-container\">\n\t\t\t\t\t\t\t\t\t<p class=\"p1\"><b>\u00a0POLITIQUE DE CONFIDENTIALIT\u00c9<\/b><\/p><p class=\"p3\">Nous accordons une grande importance \u00e0 la confidentialit\u00e9 et \u00e0 la protection de vos donn\u00e9es personnelles. Cette politique de confidentialit\u00e9 explique comment nous collectons, utilisons et prot\u00e9geons les informations que vous nous fournissez via notre site web Jl-co.fr.<\/p><p class=\"p3\">D\u00e9finition de la donn\u00e9e personnelle :<\/p><p class=\"p3\">Une donn\u00e9e personnelle d\u00e9signe toute information relative \u00e0 une personne physique identifi\u00e9e ou identifiable :<\/p><ul class=\"ul1\"><li class=\"li3\">De mani\u00e8re indirect<span class=\"Apple-converted-space\">\u00a0 <\/span>(adresse IP, g\u00e9olocalisation).<\/li><li class=\"li3\">De mani\u00e8re direct (nom, pr\u00e9nom, adresse e-mail).<\/li><\/ul><p class=\"p1\"><b>1.\u00a0 COLLECTE DES INFORMATIONS<\/b><\/p><p class=\"p3\">Le Responsable de traitement, au sens du R\u00e8glement G\u00e9n\u00e9ral sur la Protection des Donn\u00e9es, est repr\u00e9sent\u00e9e par Monsieur Lada en qualit\u00e9 de g\u00e9rant de la soci\u00e9t\u00e9.<\/p><p class=\"p3\">Les Donn\u00e9es Personnelles que l\u2019utilisateur accepte de nous communiquer, quelle que soit la m\u00e9thode de collecte (en ligne, papier etc), sont soumises aux dispositions ladite politique.<\/p><p class=\"p1\"><b>2.\u00a0<\/b><b> UTILISATION DES INFORMATIONS<\/b><\/p><p class=\"p3\">Les informations que nous collectons peuvent \u00eatre utilis\u00e9es de la mani\u00e8re suivante :<\/p><p class=\"p3\">Pour r\u00e9pondre \u00e0 vos demandes Nous utilisons votre adresse e-mail pour r\u00e9pondre \u00e0 vos questions ou demandes que vous nous adressez via notre formulaire de contact. Nous relevons g\u00e9n\u00e9ralement les donn\u00e9es d\u2019identit\u00e9, de contact.<\/p><p class=\"p1\"><b>3. PROTECTION DES INFORMATIONS<\/b><\/p><p class=\"p3\">Nous mettons en \u0153uvre une vari\u00e9t\u00e9 de mesures de s\u00e9curit\u00e9 pour prot\u00e9ger vos informations personnelles :<\/p><p class=\"p3\">Nous utilisons des technologies et des proc\u00e9dures de s\u00e9curit\u00e9 conformes aux normes de notre d\u00e9ontologie professionnel prot\u00e9ger vos informations contre les acc\u00e8s non autoris\u00e9s, la divulgation ou la destruction.<\/p><p class=\"p1\"><b>4. <\/b><b style=\"font-family: var(--global-body-font-family);\">PARTAGE DES INFORMATIONS<\/b><\/p><p class=\"p3\">Nous ne vendons, n&rsquo;\u00e9changeons et ne transf\u00e9rons pas vos informations personnelles \u00e0 des tiers sans votre consentement, sauf si cela est n\u00e9cessaire pour :<\/p><ul class=\"ul2\"><li class=\"li3\">Respecter la loi<\/li><li class=\"li3\">Faire respecter les politiques de notre Site<\/li><li class=\"li3\">Prot\u00e9ger nos droits, notre propri\u00e9t\u00e9 ou notre s\u00e9curit\u00e9, ainsi que ceux des autres utilisateurs.<\/li><li class=\"li3\">Sachez que lorsque vous donnez votre consentement au traitement de vos Donn\u00e9es Personnelles, vous avez la facult\u00e9 de retirer ce consentement \u00e0 tout moment via l\u2019adresse d\u00e9di\u00e9e jl.psychomot@gmail.com.<\/li><\/ul><p class=\"p1\"><b>5. VOS DROITS\u00a0<\/b><\/p><p class=\"p3\">Vous avez le droit d&rsquo;acc\u00e9der \u00e0 vos donn\u00e9es personnelles, de les corriger ou de demander leur suppression. Pour exercer ces droits, veuillez nous contacter \u00e0 l&rsquo;adresse suivante : jl.psychomot@gmail.com.<\/p><p class=\"p3\">En accord avec la loi Informatique et Libert\u00e9s et sous r\u00e9serve du respect des obligations l\u00e9gales impos\u00e9es \u00e0 l\u2019entreprise, chaque personne dispose des droits suivants :<\/p><ul class=\"ul2\"><li class=\"li3\">S\u2019opposer au profilage de vos Donn\u00e9es : Droit d\u2019opposition au profilage<\/li><li class=\"li3\">Rectifier une Donn\u00e9e inexacte vous concernant : Droit de rectification<\/li><li class=\"li3\">Demander une copie des Donn\u00e9es de votre session : Droit d\u2019acc\u00e8s<\/li><li class=\"li3\">S\u2019opposer au traitement de vos Donn\u00e9es ; cette demande est incompatible avec le traitement de votre demande de contact ou de devis : Droit d\u2019opposition<\/li><li class=\"li3\">Retirer votre consentement \u00e0 tout moment : Droit de retrait<\/li><li class=\"li3\">Limiter l\u2019utilisation de vos Donn\u00e9es le temps que votre demande soit trait\u00e9e : Droit de limitation du traitement<\/li><li class=\"li3\">Demander l\u2019effacement de certaines Donn\u00e9es vous concernant<span class=\"Apple-converted-space\">\u00a0 <\/span>: Droit d\u2019effacement<\/li><li class=\"li3\">Exercer votre Droit \u00e0 la portabilit\u00e9<\/li><\/ul><p class=\"p3\">En cas de violation de Donn\u00e9es pr\u00e9sentant un risque \u00e9lev\u00e9 pour vos droits et libert\u00e9s, vous serez inform\u00e9 de cette violation dans les meilleurs d\u00e9lais.<\/p><p class=\"p3\">Vous pouvez \u00e9galement formuler des directives concernant la conservation, l\u2019effacement et la communication de vos Donn\u00e9es Personnelles apr\u00e8s votre d\u00e9c\u00e8s, conform\u00e9ment \u00e0 l\u2019article 85 de la loi 78-17 du 6 janvier 1978.<\/p><p class=\"p1\"><b>7. MODIFICATIONS DE LA POLITIQUE DE CONFIDENTIALIT\u00c9\u00a0<\/b><\/p><p class=\"p3\">Nous nous r\u00e9servons le droit de modifier cette politique de confidentialit\u00e9 \u00e0 tout moment. Toute modification sera publi\u00e9e sur cette page avec la date de la derni\u00e8re mise \u00e0 jour. Nous vous encourageons \u00e0 consulter r\u00e9guli\u00e8rement cette page pour rester inform\u00e9 des mises \u00e0 jour.<\/p><p class=\"p1\"><b>8. CONTACT<\/b><\/p><p class=\"p3\">Pour toute question concernant cette politique de confidentialit\u00e9, vous pouvez nous contacter \u00e0 l&rsquo;adresse suivante : jl.psychomot@gmail.com. Par voie postale : 13-15 Rue Louis Osteng 77181 Courtry<\/p>\t\t\t\t\t\t\t\t<\/div>\n\t\t\t\t<\/div>\n\t\t\t\t<\/div>\n\t\t\t\t<\/div>\n\t\t","protected":false},"excerpt":{"rendered":"<p>Politique de confidentialit\u00e9 \u00a0POLITIQUE DE CONFIDENTIALIT\u00c9 Nous accordons une grande importance \u00e0 la confidentialit\u00e9 et \u00e0 la protection de vos donn\u00e9es personnelles. Cette politique de confidentialit\u00e9 explique comment nous collectons, utilisons et prot\u00e9geons les informations que vous nous fournissez via notre site web Jl-co.fr. D\u00e9finition de la donn\u00e9e personnelle : Une donn\u00e9e personnelle d\u00e9signe toute&#8230;<\/p>\n","protected":false},"author":1,"featured_media":0,"parent":0,"menu_order":0,"comment_status":"closed","ping_status":"closed","template":"","meta":{"_kad_post_transparent":"","_kad_post_title":"hide","_kad_post_layout":"fullwidth","_kad_post_sidebar_id":"","_kad_post_content_style":"unboxed","_kad_post_vertical_padding":"hide","_kad_post_feature":"hide","_kad_post_feature_position":"","_kad_post_header":false,"_kad_post_footer":false,"footnotes":""},"class_list":["post-61","page","type-page","status-publish","hentry"],"yoast_head":"<!-- This site is optimized with the Yoast SEO plugin v27.3 - https:\/\/yoast.com\/product\/yoast-seo-wordpress\/ -->\n<title>Politique de confidentialit\u00e9 - jl-co.fr<\/title>\n<meta name=\"robots\" content=\"index, follow, max-snippet:-1, max-image-preview:large, max-video-preview:-1\" \/>\n<link rel=\"canonical\" href=\"https:\/\/jl-co.fr\/index.php\/politique-de-confidentialite\/\" \/>\n<meta property=\"og:locale\" content=\"fr_FR\" \/>\n<meta property=\"og:type\" content=\"article\" \/>\n<meta property=\"og:title\" content=\"Politique de confidentialit\u00e9 - jl-co.fr\" \/>\n<meta property=\"og:description\" content=\"Politique de confidentialit\u00e9 \u00a0POLITIQUE DE CONFIDENTIALIT\u00c9 Nous accordons une grande importance \u00e0 la confidentialit\u00e9 et \u00e0 la protection de vos donn\u00e9es personnelles. Cette politique de confidentialit\u00e9 explique comment nous collectons, utilisons et prot\u00e9geons les informations que vous nous fournissez via notre site web Jl-co.fr. D\u00e9finition de la donn\u00e9e personnelle : Une donn\u00e9e personnelle d\u00e9signe toute...\" \/>\n<meta property=\"og:url\" content=\"https:\/\/jl-co.fr\/index.php\/politique-de-confidentialite\/\" \/>\n<meta property=\"og:site_name\" content=\"jl-co.fr\" \/>\n<meta property=\"article:modified_time\" content=\"2024-06-04T16:48:17+00:00\" \/>\n<meta name=\"twitter:card\" content=\"summary_large_image\" \/>\n<meta name=\"twitter:label1\" content=\"Dur\u00e9e de lecture estim\u00e9e\" \/>\n\t<meta name=\"twitter:data1\" content=\"4 minutes\" \/>\n<script type=\"application\/ld+json\" class=\"yoast-schema-graph\">{\"@context\":\"https:\\\/\\\/schema.org\",\"@graph\":[{\"@type\":\"WebPage\",\"@id\":\"https:\\\/\\\/jl-co.fr\\\/index.php\\\/politique-de-confidentialite\\\/\",\"url\":\"https:\\\/\\\/jl-co.fr\\\/index.php\\\/politique-de-confidentialite\\\/\",\"name\":\"Politique de confidentialit\u00e9 - jl-co.fr\",\"isPartOf\":{\"@id\":\"https:\\\/\\\/jl-co.fr\\\/#website\"},\"datePublished\":\"2024-04-01T14:21:17+00:00\",\"dateModified\":\"2024-06-04T16:48:17+00:00\",\"breadcrumb\":{\"@id\":\"https:\\\/\\\/jl-co.fr\\\/index.php\\\/politique-de-confidentialite\\\/#breadcrumb\"},\"inLanguage\":\"fr-FR\",\"potentialAction\":[{\"@type\":\"ReadAction\",\"target\":[\"https:\\\/\\\/jl-co.fr\\\/index.php\\\/politique-de-confidentialite\\\/\"]}]},{\"@type\":\"BreadcrumbList\",\"@id\":\"https:\\\/\\\/jl-co.fr\\\/index.php\\\/politique-de-confidentialite\\\/#breadcrumb\",\"itemListElement\":[{\"@type\":\"ListItem\",\"position\":1,\"name\":\"Accueil\",\"item\":\"https:\\\/\\\/jl-co.fr\\\/\"},{\"@type\":\"ListItem\",\"position\":2,\"name\":\"Politique de confidentialit\u00e9\"}]},{\"@type\":\"WebSite\",\"@id\":\"https:\\\/\\\/jl-co.fr\\\/#website\",\"url\":\"https:\\\/\\\/jl-co.fr\\\/\",\"name\":\"jl-co.fr\",\"description\":\"\",\"publisher\":{\"@id\":\"https:\\\/\\\/jl-co.fr\\\/#organization\"},\"potentialAction\":[{\"@type\":\"SearchAction\",\"target\":{\"@type\":\"EntryPoint\",\"urlTemplate\":\"https:\\\/\\\/jl-co.fr\\\/?s={search_term_string}\"},\"query-input\":{\"@type\":\"PropertyValueSpecification\",\"valueRequired\":true,\"valueName\":\"search_term_string\"}}],\"inLanguage\":\"fr-FR\"},{\"@type\":\"Organization\",\"@id\":\"https:\\\/\\\/jl-co.fr\\\/#organization\",\"name\":\"jl-co.fr\",\"url\":\"https:\\\/\\\/jl-co.fr\\\/\",\"logo\":{\"@type\":\"ImageObject\",\"inLanguage\":\"fr-FR\",\"@id\":\"https:\\\/\\\/jl-co.fr\\\/#\\\/schema\\\/logo\\\/image\\\/\",\"url\":\"https:\\\/\\\/jl-co.fr\\\/wp-content\\\/uploads\\\/2024\\\/04\\\/JLCO-fond.png\",\"contentUrl\":\"https:\\\/\\\/jl-co.fr\\\/wp-content\\\/uploads\\\/2024\\\/04\\\/JLCO-fond.png\",\"width\":1228,\"height\":624,\"caption\":\"jl-co.fr\"},\"image\":{\"@id\":\"https:\\\/\\\/jl-co.fr\\\/#\\\/schema\\\/logo\\\/image\\\/\"}}]}<\/script>\n<!-- \/ Yoast SEO plugin. -->","yoast_head_json":{"title":"Politique de confidentialit\u00e9 - jl-co.fr","robots":{"index":"index","follow":"follow","max-snippet":"max-snippet:-1","max-image-preview":"max-image-preview:large","max-video-preview":"max-video-preview:-1"},"canonical":"https:\/\/jl-co.fr\/index.php\/politique-de-confidentialite\/","og_locale":"fr_FR","og_type":"article","og_title":"Politique de confidentialit\u00e9 - jl-co.fr","og_description":"Politique de confidentialit\u00e9 \u00a0POLITIQUE DE CONFIDENTIALIT\u00c9 Nous accordons une grande importance \u00e0 la confidentialit\u00e9 et \u00e0 la protection de vos donn\u00e9es personnelles. Cette politique de confidentialit\u00e9 explique comment nous collectons, utilisons et prot\u00e9geons les informations que vous nous fournissez via notre site web Jl-co.fr. D\u00e9finition de la donn\u00e9e personnelle : Une donn\u00e9e personnelle d\u00e9signe toute...","og_url":"https:\/\/jl-co.fr\/index.php\/politique-de-confidentialite\/","og_site_name":"jl-co.fr","article_modified_time":"2024-06-04T16:48:17+00:00","twitter_card":"summary_large_image","twitter_misc":{"Dur\u00e9e de lecture estim\u00e9e":"4 minutes"},"schema":{"@context":"https:\/\/schema.org","@graph":[{"@type":"WebPage","@id":"https:\/\/jl-co.fr\/index.php\/politique-de-confidentialite\/","url":"https:\/\/jl-co.fr\/index.php\/politique-de-confidentialite\/","name":"Politique de confidentialit\u00e9 - jl-co.fr","isPartOf":{"@id":"https:\/\/jl-co.fr\/#website"},"datePublished":"2024-04-01T14:21:17+00:00","dateModified":"2024-06-04T16:48:17+00:00","breadcrumb":{"@id":"https:\/\/jl-co.fr\/index.php\/politique-de-confidentialite\/#breadcrumb"},"inLanguage":"fr-FR","potentialAction":[{"@type":"ReadAction","target":["https:\/\/jl-co.fr\/index.php\/politique-de-confidentialite\/"]}]},{"@type":"BreadcrumbList","@id":"https:\/\/jl-co.fr\/index.php\/politique-de-confidentialite\/#breadcrumb","itemListElement":[{"@type":"ListItem","position":1,"name":"Accueil","item":"https:\/\/jl-co.fr\/"},{"@type":"ListItem","position":2,"name":"Politique de confidentialit\u00e9"}]},{"@type":"WebSite","@id":"https:\/\/jl-co.fr\/#website","url":"https:\/\/jl-co.fr\/","name":"jl-co.fr","description":"","publisher":{"@id":"https:\/\/jl-co.fr\/#organization"},"potentialAction":[{"@type":"SearchAction","target":{"@type":"EntryPoint","urlTemplate":"https:\/\/jl-co.fr\/?s={search_term_string}"},"query-input":{"@type":"PropertyValueSpecification","valueRequired":true,"valueName":"search_term_string"}}],"inLanguage":"fr-FR"},{"@type":"Organization","@id":"https:\/\/jl-co.fr\/#organization","name":"jl-co.fr","url":"https:\/\/jl-co.fr\/","logo":{"@type":"ImageObject","inLanguage":"fr-FR","@id":"https:\/\/jl-co.fr\/#\/schema\/logo\/image\/","url":"https:\/\/jl-co.fr\/wp-content\/uploads\/2024\/04\/JLCO-fond.png","contentUrl":"https:\/\/jl-co.fr\/wp-content\/uploads\/2024\/04\/JLCO-fond.png","width":1228,"height":624,"caption":"jl-co.fr"},"image":{"@id":"https:\/\/jl-co.fr\/#\/schema\/logo\/image\/"}}]}},"jetpack_sharing_enabled":true,"_links":{"self":[{"href":"https:\/\/jl-co.fr\/index.php\/wp-json\/wp\/v2\/pages\/61","targetHints":{"allow":["GET"]}}],"collection":[{"href":"https:\/\/jl-co.fr\/index.php\/wp-json\/wp\/v2\/pages"}],"about":[{"href":"https:\/\/jl-co.fr\/index.php\/wp-json\/wp\/v2\/types\/page"}],"author":[{"embeddable":true,"href":"https:\/\/jl-co.fr\/index.php\/wp-json\/wp\/v2\/users\/1"}],"replies":[{"embeddable":true,"href":"https:\/\/jl-co.fr\/index.php\/wp-json\/wp\/v2\/comments?post=61"}],"version-history":[{"count":22,"href":"https:\/\/jl-co.fr\/index.php\/wp-json\/wp\/v2\/pages\/61\/revisions"}],"predecessor-version":[{"id":1342,"href":"https:\/\/jl-co.fr\/index.php\/wp-json\/wp\/v2\/pages\/61\/revisions\/1342"}],"wp:attachment":[{"href":"https:\/\/jl-co.fr\/index.php\/wp-json\/wp\/v2\/media?parent=61"}],"curies":[{"name":"wp","href":"https:\/\/api.w.org\/{rel}","templated":true}]}}