{"id":58,"date":"2024-04-01T14:42:21","date_gmt":"2024-04-01T12:42:21","guid":{"rendered":"https:\/\/jl-co.fr\/?page_id=58"},"modified":"2024-06-04T18:49:25","modified_gmt":"2024-06-04T16:49:25","slug":"mentions-legales","status":"publish","type":"page","link":"https:\/\/jl-co.fr\/index.php\/mentions-legales\/","title":{"rendered":"Mentions l\u00e9gales"},"content":{"rendered":"\t\t<div data-elementor-type=\"wp-page\" data-elementor-id=\"58\" class=\"elementor elementor-58\">\n\t\t\t\t<div class=\"elementor-element elementor-element-d1d8896 e-con-full e-flex e-con e-parent\" data-id=\"d1d8896\" data-element_type=\"container\" data-e-type=\"container\" data-settings=\"{&quot;background_background&quot;:&quot;gradient&quot;}\">\n\t\t\t\t<div class=\"elementor-element elementor-element-b4c594e elementor-widget elementor-widget-heading\" data-id=\"b4c594e\" data-element_type=\"widget\" data-e-type=\"widget\" data-widget_type=\"heading.default\">\n\t\t\t\t<div class=\"elementor-widget-container\">\n\t\t\t\t\t<h2 class=\"elementor-heading-title elementor-size-default\">Mentions l\u00e9gales<\/h2>\t\t\t\t<\/div>\n\t\t\t\t<\/div>\n\t\t\t\t<\/div>\n\t\t<div class=\"elementor-element elementor-element-e88c831 e-con-full e-flex e-con e-parent\" data-id=\"e88c831\" data-element_type=\"container\" data-e-type=\"container\">\n\t\t\t\t<div class=\"elementor-element elementor-element-08f1cab elementor-widget-divider--view-line elementor-widget elementor-widget-divider\" data-id=\"08f1cab\" data-element_type=\"widget\" data-e-type=\"widget\" data-widget_type=\"divider.default\">\n\t\t\t\t<div class=\"elementor-widget-container\">\n\t\t\t\t\t\t\t<div class=\"elementor-divider\">\n\t\t\t<span class=\"elementor-divider-separator\">\n\t\t\t\t\t\t<\/span>\n\t\t<\/div>\n\t\t\t\t\t\t<\/div>\n\t\t\t\t<\/div>\n\t\t\t\t<div class=\"elementor-element elementor-element-09c6456 elementor-widget__width-inherit elementor-widget elementor-widget-text-editor\" data-id=\"09c6456\" data-element_type=\"widget\" data-e-type=\"widget\" data-widget_type=\"text-editor.default\">\n\t\t\t\t<div class=\"elementor-widget-container\">\n\t\t\t\t\t\t\t\t\t<p><span style=\"text-align: var(--text-align); background-color: transparent; color: var(--global-palette4); font-family: var(--global-body-font-family);\"><b>Conform\u00e9ment <\/b>aux dispositions des Articles 6-III et 19 de la Loi n\u00b02004-575 du 21 juin 2004 pour la Confiance dans l\u2019\u00e9conomie num\u00e9rique, dite L.C.E.N., il est port\u00e9 \u00e0 la connaissance des utilisateurs et visiteurs, ci-apr\u00e8s l\u2019\u00a0\u00bb<\/span><b style=\"text-align: var(--text-align); background-color: transparent; color: var(--global-palette4); font-family: var(--global-body-font-family);\">Utilisateur<\/b><span style=\"text-align: var(--text-align); background-color: transparent; color: var(--global-palette4); font-family: var(--global-body-font-family);\">\u00ab\u00a0, du site www.jl-co.fr , ci-apr\u00e8s le \u00ab\u00a0<\/span><b style=\"text-align: var(--text-align); background-color: transparent; color: var(--global-palette4); font-family: var(--global-body-font-family);\">Site<\/b><span style=\"text-align: var(--text-align); background-color: transparent; color: var(--global-palette4); font-family: var(--global-body-font-family);\">\u00ab\u00a0, les pr\u00e9sentes mentions l\u00e9gales.<\/span><\/p><p>La connexion et la navigation sur le Site par l\u2019Utilisateur implique acceptation int\u00e9grale et sans r\u00e9serve des pr\u00e9sentes mentions l\u00e9gales.<\/p><p>Ces derni\u00e8res sont accessibles sur le Site \u00e0 la rubrique \u00ab <b>Mentions l\u00e9gales <\/b>\u00bb.<\/p><p><b>ARTICLE 1 &#8211; L&rsquo;EDITEUR <\/b><\/p><p>L&rsquo;\u00e9dition du Site est assur\u00e9e par Jeffrey Lada psychomotricien D.E E.I au capital de 0 euros, immatricul\u00e9e au Registre du Commerce et des Soci\u00e9t\u00e9s de Courtry sous le num\u00e9ro 841575483 dont le si\u00e8ge social est situ\u00e9 au 13-15 Rue Louis Osteng,<br \/>Num\u00e9ro de t\u00e9l\u00e9phone 0633837355,<br \/>Adresse e-mail : jl.psychomot@gmail.com.<br \/>N\u00b0 de TVA intracommunautaire : FR 82841575483<br \/>Le Directeur de la publication est jeffrey lada<br \/>ci-apr\u00e8s l'\u00a0\u00bb<b>Editeur<\/b>\u00ab\u00a0.<\/p><p><b>ARTICLE 2 &#8211; L&rsquo;HEBERGEUR <\/b><\/p><p>L&rsquo;h\u00e9bergeur du Site est la soci\u00e9t\u00e9 OVH SAS filiale de la soci\u00e9t\u00e9 OVH Groupe SA, dont le si\u00e8ge social est situ\u00e9 au Si\u00e8ge social : 2 rue Kellermann &#8211; 59100 Roubaix &#8211; France. , avec le num\u00e9ro de t\u00e9l\u00e9phone : 1007<\/p><p>Siret\u00a0: 424761419 de Lille<\/p><p><b>ARTICLE 3 &#8211; ACCES AU SITE <\/b><\/p><p>Le Site est accessible en tout endroit, 7j\/7, 24h\/24 sauf cas de force majeure, interruption programm\u00e9e ou non et pouvant d\u00e9coulant d\u2019une n\u00e9cessit\u00e9 de maintenance.<\/p><p>En cas de modification, interruption ou suspension du Site, l&rsquo;Editeur ne saurait \u00eatre tenu responsable.<\/p><p><b>ARTICLE 4 &#8211; COLLECTE DES DONNEES <\/b><\/p><p>Le Site assure \u00e0 l&rsquo;Utilisateur une collecte et un traitement d&rsquo;informations personnelles dans le respect de la vie priv\u00e9e conform\u00e9ment \u00e0 la loi n\u00b078-17 du 6 janvier 1978 relative \u00e0 l&rsquo;informatique, aux fichiers et aux libert\u00e9s.<\/p><p>En vertu de la loi Informatique et Libert\u00e9s, en date du 6 janvier 1978, l&rsquo;Utilisateur dispose d&rsquo;un droit d&rsquo;acc\u00e8s, de rectification, de suppression et d&rsquo;opposition de ses donn\u00e9es personnelles. L&rsquo;Utilisateur exerce ce droit :<br \/>&#8211; mail \u00e0 l&rsquo;adresse email :\u00a0 jl.psychomot@gmail.com<\/p><p>Toute utilisation, reproduction, diffusion, commercialisation, modification de toute ou partie du Site, sans autorisation de l\u2019Editeur est prohib\u00e9e et pourra entra\u00een\u00e9e des actions et poursuites judiciaires telles que notamment pr\u00e9vues par le Code de la propri\u00e9t\u00e9 intellectuelle et le Code civil. \u00a0L. 355-2<\/p><p><b>UTILISATION DES COOKIES<\/b><\/p><p>Lorsque vous visitez notre site, nous pouvons installer des cookies sur votre ordinateur. En g\u00e9n\u00e9ral, ces cookies enregistrent des informations sur votre navigation (La date,\u00a0<span style=\"text-align: var(--text-align); background-color: transparent; color: var(--global-palette4); font-family: var(--global-body-font-family);\">les pages consult\u00e9es,\u00a0<\/span><span style=\"text-align: var(--text-align); background-color: transparent; color: var(--global-palette4); font-family: var(--global-body-font-family);\">l&rsquo;heure des visites, etc.), que nous pourrons lire lors de vos prochaines visites. Notez que ces cookies ne permettent pas de vous identifier personnellement. Vous pouvez configurer votre navigateur pour refuser les cookies ou les supprimer \u00e0 tout moment en suivant les instructions de votre syst\u00e8me d&rsquo;exploitation.<\/span><\/p>\t\t\t\t\t\t\t\t<\/div>\n\t\t\t\t<\/div>\n\t\t\t\t<\/div>\n\t\t\t\t<\/div>\n\t\t","protected":false},"excerpt":{"rendered":"<p>Mentions l\u00e9gales Conform\u00e9ment aux dispositions des Articles 6-III et 19 de la Loi n\u00b02004-575 du 21 juin 2004 pour la Confiance dans l\u2019\u00e9conomie num\u00e9rique, dite L.C.E.N., il est port\u00e9 \u00e0 la connaissance des utilisateurs et visiteurs, ci-apr\u00e8s l\u2019\u00a0\u00bbUtilisateur\u00ab\u00a0, du site www.jl-co.fr , ci-apr\u00e8s le \u00ab\u00a0Site\u00ab\u00a0, les pr\u00e9sentes mentions l\u00e9gales. La connexion et la navigation sur&#8230;<\/p>\n","protected":false},"author":1,"featured_media":0,"parent":0,"menu_order":0,"comment_status":"closed","ping_status":"closed","template":"","meta":{"_kad_post_transparent":"","_kad_post_title":"hide","_kad_post_layout":"fullwidth","_kad_post_sidebar_id":"","_kad_post_content_style":"unboxed","_kad_post_vertical_padding":"hide","_kad_post_feature":"hide","_kad_post_feature_position":"","_kad_post_header":false,"_kad_post_footer":false,"footnotes":""},"class_list":["post-58","page","type-page","status-publish","hentry"],"yoast_head":"<!-- This site is optimized with the Yoast SEO plugin v27.3 - https:\/\/yoast.com\/product\/yoast-seo-wordpress\/ -->\n<title>Mentions l\u00e9gales - jl-co.fr<\/title>\n<meta name=\"robots\" content=\"index, follow, max-snippet:-1, max-image-preview:large, max-video-preview:-1\" \/>\n<link rel=\"canonical\" href=\"https:\/\/jl-co.fr\/index.php\/mentions-legales\/\" \/>\n<meta property=\"og:locale\" content=\"fr_FR\" \/>\n<meta property=\"og:type\" content=\"article\" \/>\n<meta property=\"og:title\" content=\"Mentions l\u00e9gales - jl-co.fr\" \/>\n<meta property=\"og:description\" content=\"Mentions l\u00e9gales Conform\u00e9ment aux dispositions des Articles 6-III et 19 de la Loi n\u00b02004-575 du 21 juin 2004 pour la Confiance dans l\u2019\u00e9conomie num\u00e9rique, dite L.C.E.N., il est port\u00e9 \u00e0 la connaissance des utilisateurs et visiteurs, ci-apr\u00e8s l\u2019\u00a0\u00bbUtilisateur\u00ab\u00a0, du site www.jl-co.fr , ci-apr\u00e8s le \u00ab\u00a0Site\u00ab\u00a0, les pr\u00e9sentes mentions l\u00e9gales. La connexion et la navigation sur...\" \/>\n<meta property=\"og:url\" content=\"https:\/\/jl-co.fr\/index.php\/mentions-legales\/\" \/>\n<meta property=\"og:site_name\" content=\"jl-co.fr\" \/>\n<meta property=\"article:modified_time\" content=\"2024-06-04T16:49:25+00:00\" \/>\n<meta name=\"twitter:card\" content=\"summary_large_image\" \/>\n<meta name=\"twitter:label1\" content=\"Dur\u00e9e de lecture estim\u00e9e\" \/>\n\t<meta name=\"twitter:data1\" content=\"3 minutes\" \/>\n<script type=\"application\/ld+json\" class=\"yoast-schema-graph\">{\"@context\":\"https:\\\/\\\/schema.org\",\"@graph\":[{\"@type\":\"WebPage\",\"@id\":\"https:\\\/\\\/jl-co.fr\\\/index.php\\\/mentions-legales\\\/\",\"url\":\"https:\\\/\\\/jl-co.fr\\\/index.php\\\/mentions-legales\\\/\",\"name\":\"Mentions l\u00e9gales - jl-co.fr\",\"isPartOf\":{\"@id\":\"https:\\\/\\\/jl-co.fr\\\/#website\"},\"datePublished\":\"2024-04-01T12:42:21+00:00\",\"dateModified\":\"2024-06-04T16:49:25+00:00\",\"breadcrumb\":{\"@id\":\"https:\\\/\\\/jl-co.fr\\\/index.php\\\/mentions-legales\\\/#breadcrumb\"},\"inLanguage\":\"fr-FR\",\"potentialAction\":[{\"@type\":\"ReadAction\",\"target\":[\"https:\\\/\\\/jl-co.fr\\\/index.php\\\/mentions-legales\\\/\"]}]},{\"@type\":\"BreadcrumbList\",\"@id\":\"https:\\\/\\\/jl-co.fr\\\/index.php\\\/mentions-legales\\\/#breadcrumb\",\"itemListElement\":[{\"@type\":\"ListItem\",\"position\":1,\"name\":\"Accueil\",\"item\":\"https:\\\/\\\/jl-co.fr\\\/\"},{\"@type\":\"ListItem\",\"position\":2,\"name\":\"Mentions l\u00e9gales\"}]},{\"@type\":\"WebSite\",\"@id\":\"https:\\\/\\\/jl-co.fr\\\/#website\",\"url\":\"https:\\\/\\\/jl-co.fr\\\/\",\"name\":\"jl-co.fr\",\"description\":\"\",\"publisher\":{\"@id\":\"https:\\\/\\\/jl-co.fr\\\/#organization\"},\"potentialAction\":[{\"@type\":\"SearchAction\",\"target\":{\"@type\":\"EntryPoint\",\"urlTemplate\":\"https:\\\/\\\/jl-co.fr\\\/?s={search_term_string}\"},\"query-input\":{\"@type\":\"PropertyValueSpecification\",\"valueRequired\":true,\"valueName\":\"search_term_string\"}}],\"inLanguage\":\"fr-FR\"},{\"@type\":\"Organization\",\"@id\":\"https:\\\/\\\/jl-co.fr\\\/#organization\",\"name\":\"jl-co.fr\",\"url\":\"https:\\\/\\\/jl-co.fr\\\/\",\"logo\":{\"@type\":\"ImageObject\",\"inLanguage\":\"fr-FR\",\"@id\":\"https:\\\/\\\/jl-co.fr\\\/#\\\/schema\\\/logo\\\/image\\\/\",\"url\":\"https:\\\/\\\/jl-co.fr\\\/wp-content\\\/uploads\\\/2024\\\/04\\\/JLCO-fond.png\",\"contentUrl\":\"https:\\\/\\\/jl-co.fr\\\/wp-content\\\/uploads\\\/2024\\\/04\\\/JLCO-fond.png\",\"width\":1228,\"height\":624,\"caption\":\"jl-co.fr\"},\"image\":{\"@id\":\"https:\\\/\\\/jl-co.fr\\\/#\\\/schema\\\/logo\\\/image\\\/\"}}]}<\/script>\n<!-- \/ Yoast SEO plugin. -->","yoast_head_json":{"title":"Mentions l\u00e9gales - jl-co.fr","robots":{"index":"index","follow":"follow","max-snippet":"max-snippet:-1","max-image-preview":"max-image-preview:large","max-video-preview":"max-video-preview:-1"},"canonical":"https:\/\/jl-co.fr\/index.php\/mentions-legales\/","og_locale":"fr_FR","og_type":"article","og_title":"Mentions l\u00e9gales - jl-co.fr","og_description":"Mentions l\u00e9gales Conform\u00e9ment aux dispositions des Articles 6-III et 19 de la Loi n\u00b02004-575 du 21 juin 2004 pour la Confiance dans l\u2019\u00e9conomie num\u00e9rique, dite L.C.E.N., il est port\u00e9 \u00e0 la connaissance des utilisateurs et visiteurs, ci-apr\u00e8s l\u2019\u00a0\u00bbUtilisateur\u00ab\u00a0, du site www.jl-co.fr , ci-apr\u00e8s le \u00ab\u00a0Site\u00ab\u00a0, les pr\u00e9sentes mentions l\u00e9gales. La connexion et la navigation sur...","og_url":"https:\/\/jl-co.fr\/index.php\/mentions-legales\/","og_site_name":"jl-co.fr","article_modified_time":"2024-06-04T16:49:25+00:00","twitter_card":"summary_large_image","twitter_misc":{"Dur\u00e9e de lecture estim\u00e9e":"3 minutes"},"schema":{"@context":"https:\/\/schema.org","@graph":[{"@type":"WebPage","@id":"https:\/\/jl-co.fr\/index.php\/mentions-legales\/","url":"https:\/\/jl-co.fr\/index.php\/mentions-legales\/","name":"Mentions l\u00e9gales - jl-co.fr","isPartOf":{"@id":"https:\/\/jl-co.fr\/#website"},"datePublished":"2024-04-01T12:42:21+00:00","dateModified":"2024-06-04T16:49:25+00:00","breadcrumb":{"@id":"https:\/\/jl-co.fr\/index.php\/mentions-legales\/#breadcrumb"},"inLanguage":"fr-FR","potentialAction":[{"@type":"ReadAction","target":["https:\/\/jl-co.fr\/index.php\/mentions-legales\/"]}]},{"@type":"BreadcrumbList","@id":"https:\/\/jl-co.fr\/index.php\/mentions-legales\/#breadcrumb","itemListElement":[{"@type":"ListItem","position":1,"name":"Accueil","item":"https:\/\/jl-co.fr\/"},{"@type":"ListItem","position":2,"name":"Mentions l\u00e9gales"}]},{"@type":"WebSite","@id":"https:\/\/jl-co.fr\/#website","url":"https:\/\/jl-co.fr\/","name":"jl-co.fr","description":"","publisher":{"@id":"https:\/\/jl-co.fr\/#organization"},"potentialAction":[{"@type":"SearchAction","target":{"@type":"EntryPoint","urlTemplate":"https:\/\/jl-co.fr\/?s={search_term_string}"},"query-input":{"@type":"PropertyValueSpecification","valueRequired":true,"valueName":"search_term_string"}}],"inLanguage":"fr-FR"},{"@type":"Organization","@id":"https:\/\/jl-co.fr\/#organization","name":"jl-co.fr","url":"https:\/\/jl-co.fr\/","logo":{"@type":"ImageObject","inLanguage":"fr-FR","@id":"https:\/\/jl-co.fr\/#\/schema\/logo\/image\/","url":"https:\/\/jl-co.fr\/wp-content\/uploads\/2024\/04\/JLCO-fond.png","contentUrl":"https:\/\/jl-co.fr\/wp-content\/uploads\/2024\/04\/JLCO-fond.png","width":1228,"height":624,"caption":"jl-co.fr"},"image":{"@id":"https:\/\/jl-co.fr\/#\/schema\/logo\/image\/"}}]}},"jetpack_sharing_enabled":true,"_links":{"self":[{"href":"https:\/\/jl-co.fr\/index.php\/wp-json\/wp\/v2\/pages\/58","targetHints":{"allow":["GET"]}}],"collection":[{"href":"https:\/\/jl-co.fr\/index.php\/wp-json\/wp\/v2\/pages"}],"about":[{"href":"https:\/\/jl-co.fr\/index.php\/wp-json\/wp\/v2\/types\/page"}],"author":[{"embeddable":true,"href":"https:\/\/jl-co.fr\/index.php\/wp-json\/wp\/v2\/users\/1"}],"replies":[{"embeddable":true,"href":"https:\/\/jl-co.fr\/index.php\/wp-json\/wp\/v2\/comments?post=58"}],"version-history":[{"count":46,"href":"https:\/\/jl-co.fr\/index.php\/wp-json\/wp\/v2\/pages\/58\/revisions"}],"predecessor-version":[{"id":1351,"href":"https:\/\/jl-co.fr\/index.php\/wp-json\/wp\/v2\/pages\/58\/revisions\/1351"}],"wp:attachment":[{"href":"https:\/\/jl-co.fr\/index.php\/wp-json\/wp\/v2\/media?parent=58"}],"curies":[{"name":"wp","href":"https:\/\/api.w.org\/{rel}","templated":true}]}}