{"id":43,"date":"2024-04-01T13:55:42","date_gmt":"2024-04-01T11:55:42","guid":{"rendered":"https:\/\/jl-co.fr\/?page_id=43"},"modified":"2024-05-20T01:31:40","modified_gmt":"2024-05-19T23:31:40","slug":"cabinet","status":"publish","type":"page","link":"https:\/\/jl-co.fr\/index.php\/cabinet\/","title":{"rendered":"CABINET"},"content":{"rendered":"\t\t<div data-elementor-type=\"wp-page\" data-elementor-id=\"43\" class=\"elementor elementor-43\">\n\t\t\t\t<div class=\"elementor-element elementor-element-412c02f e-con-full e-flex e-con e-parent\" data-id=\"412c02f\" data-element_type=\"container\" data-e-type=\"container\" data-settings=\"{&quot;background_background&quot;:&quot;slideshow&quot;,&quot;background_slideshow_gallery&quot;:[{&quot;id&quot;:748,&quot;url&quot;:&quot;http:\\\/\\\/jl-co.fr\\\/wp-content\\\/uploads\\\/2024\\\/05\\\/IMG_9832-scaled.jpg&quot;},{&quot;id&quot;:749,&quot;url&quot;:&quot;http:\\\/\\\/jl-co.fr\\\/wp-content\\\/uploads\\\/2024\\\/05\\\/IMG_9833-scaled.jpg&quot;},{&quot;id&quot;:747,&quot;url&quot;:&quot;http:\\\/\\\/jl-co.fr\\\/wp-content\\\/uploads\\\/2024\\\/05\\\/IMG_9367-scaled.jpg&quot;},{&quot;id&quot;:746,&quot;url&quot;:&quot;http:\\\/\\\/jl-co.fr\\\/wp-content\\\/uploads\\\/2024\\\/05\\\/IMG_9364-1-scaled.jpg&quot;},{&quot;id&quot;:745,&quot;url&quot;:&quot;http:\\\/\\\/jl-co.fr\\\/wp-content\\\/uploads\\\/2024\\\/05\\\/IMG_9363-scaled.jpg&quot;}],&quot;background_slideshow_transition_duration&quot;:1000,&quot;background_slideshow_ken_burns&quot;:&quot;yes&quot;,&quot;background_slideshow_loop&quot;:&quot;yes&quot;,&quot;background_slideshow_slide_duration&quot;:5000,&quot;background_slideshow_slide_transition&quot;:&quot;fade&quot;,&quot;background_slideshow_ken_burns_zoom_direction&quot;:&quot;in&quot;}\">\n\t\t\t\t<div class=\"elementor-element elementor-element-e516c6b elementor-widget elementor-widget-heading\" data-id=\"e516c6b\" data-element_type=\"widget\" data-e-type=\"widget\" data-widget_type=\"heading.default\">\n\t\t\t\t<div class=\"elementor-widget-container\">\n\t\t\t\t\t<h2 class=\"elementor-heading-title elementor-size-default\">NOS STRUCTURES ADAPT\u00c9ES<\/h2>\t\t\t\t<\/div>\n\t\t\t\t<\/div>\n\t\t\t\t<\/div>\n\t\t<div class=\"elementor-element elementor-element-25bd84d e-con-full e-flex e-con e-parent\" data-id=\"25bd84d\" data-element_type=\"container\" data-e-type=\"container\" data-settings=\"{&quot;background_background&quot;:&quot;gradient&quot;}\">\n\t\t<div class=\"elementor-element elementor-element-069eead e-con-full e-flex e-con e-child\" data-id=\"069eead\" data-element_type=\"container\" data-e-type=\"container\">\n\t\t\t\t<div class=\"elementor-element elementor-element-353dbce elementor-widget__width-inherit elementor-widget elementor-widget-text-editor\" data-id=\"353dbce\" data-element_type=\"widget\" data-e-type=\"widget\" data-widget_type=\"text-editor.default\">\n\t\t\t\t<div class=\"elementor-widget-container\">\n\t\t\t\t\t\t\t\t\t<p class=\"p2\"><strong>Dans nos locaux, vous d\u00e9couvrirez un environnement chaleureux et accueillant, con\u00e7u pour vous mettre \u00e0 l&rsquo;aise d\u00e8s votre arriv\u00e9e.\u00a0<\/strong><\/p><p class=\"p2\"><strong>Nous disposons de deux cabinets de 35m\u00b2 chacun, vous offrant ainsi un espace confortable pour votre suivi m\u00e9dical. En plus de nous, vous serez entour\u00e9s de nombreux autres professionnels de la sant\u00e9, assurant ainsi un accompagnement complet du patient.<\/strong><\/p><p class=\"p2\"><strong>Nous avons d\u00e9ploy\u00e9 tous nos efforts au sein m\u00eame du cabinet pour am\u00e9liorer continuellement votre exp\u00e9rience de soins. Vous trouverez \u00e9galement une salle d&rsquo;attente entretenue, o\u00f9 vous pourrez trouver des informations compl\u00e9mentaires sur nos pratiques et nos diff\u00e9rentes m\u00e9thodes d&rsquo;accompagnement.<\/strong><\/p><p class=\"p2\"><strong>\u00a0N&rsquo;h\u00e9sitez pas \u00e0 nous contacter pour prendre rendez-vous ou pour toute question suppl\u00e9mentaire.<\/strong><\/p><p class=\"p3\"><strong>Pour plus d&rsquo;information cliquez sur\u00a0<a href=\"https:\/\/jl-co.fr\/index.php\/contact\/\">CONTACT<\/a><\/strong><\/p>\t\t\t\t\t\t\t\t<\/div>\n\t\t\t\t<\/div>\n\t\t\t\t<\/div>\n\t\t<div class=\"elementor-element elementor-element-ccb65bd e-con-full e-flex e-con e-child\" data-id=\"ccb65bd\" data-element_type=\"container\" data-e-type=\"container\">\n\t\t\t\t<div class=\"elementor-element elementor-element-05052fa elementor-widget__width-initial elementor-widget elementor-widget-image\" data-id=\"05052fa\" data-element_type=\"widget\" data-e-type=\"widget\" data-widget_type=\"image.default\">\n\t\t\t\t<div class=\"elementor-widget-container\">\n\t\t\t\t\t\t\t\t\t\t\t\t\t\t\t\t<a href=\"https:\/\/jl-co.fr\/index.php\/equipe\/\">\n\t\t\t\t\t\t\t<img fetchpriority=\"high\" decoding=\"async\" width=\"1024\" height=\"796\" src=\"https:\/\/jl-co.fr\/wp-content\/uploads\/2024\/05\/IMG_9832-1024x796.jpg\" class=\"attachment-large size-large wp-image-748\" alt=\"\" srcset=\"https:\/\/jl-co.fr\/wp-content\/uploads\/2024\/05\/IMG_9832-1024x796.jpg 1024w, https:\/\/jl-co.fr\/wp-content\/uploads\/2024\/05\/IMG_9832-300x233.jpg 300w, https:\/\/jl-co.fr\/wp-content\/uploads\/2024\/05\/IMG_9832-768x597.jpg 768w, https:\/\/jl-co.fr\/wp-content\/uploads\/2024\/05\/IMG_9832-1536x1193.jpg 1536w, https:\/\/jl-co.fr\/wp-content\/uploads\/2024\/05\/IMG_9832-2048x1591.jpg 2048w\" sizes=\"(max-width: 1024px) 100vw, 1024px\" \/>\t\t\t\t\t\t\t\t<\/a>\n\t\t\t\t\t\t\t\t\t\t\t\t\t\t\t<\/div>\n\t\t\t\t<\/div>\n\t\t\t\t<div class=\"elementor-element elementor-element-adeca7e elementor-widget elementor-widget-text-editor\" data-id=\"adeca7e\" data-element_type=\"widget\" data-e-type=\"widget\" data-widget_type=\"text-editor.default\">\n\t\t\t\t<div class=\"elementor-widget-container\">\n\t\t\t\t\t\t\t\t\t<p>Cabinet n\u00b022 <a href=\"https:\/\/jl-co.fr\/index.php\/equipe\/#J\"><b>Jeffrey Lada &amp; Claire Regnier<\/b><\/a><\/p>\t\t\t\t\t\t\t\t<\/div>\n\t\t\t\t<\/div>\n\t\t\t\t<\/div>\n\t\t<div class=\"elementor-element elementor-element-6b68794 e-con-full e-flex e-con e-child\" data-id=\"6b68794\" data-element_type=\"container\" data-e-type=\"container\">\n\t\t\t\t<div class=\"elementor-element elementor-element-3f6c9de elementor-widget__width-initial elementor-widget elementor-widget-image\" data-id=\"3f6c9de\" data-element_type=\"widget\" data-e-type=\"widget\" data-widget_type=\"image.default\">\n\t\t\t\t<div class=\"elementor-widget-container\">\n\t\t\t\t\t\t\t\t\t\t\t\t\t\t\t<img decoding=\"async\" width=\"1024\" height=\"768\" src=\"https:\/\/jl-co.fr\/wp-content\/uploads\/2024\/05\/IMG_9364-1-1024x768.jpg\" class=\"attachment-large size-large wp-image-746\" alt=\"\" srcset=\"https:\/\/jl-co.fr\/wp-content\/uploads\/2024\/05\/IMG_9364-1-1024x768.jpg 1024w, https:\/\/jl-co.fr\/wp-content\/uploads\/2024\/05\/IMG_9364-1-300x225.jpg 300w, https:\/\/jl-co.fr\/wp-content\/uploads\/2024\/05\/IMG_9364-1-768x576.jpg 768w, https:\/\/jl-co.fr\/wp-content\/uploads\/2024\/05\/IMG_9364-1-1536x1152.jpg 1536w, https:\/\/jl-co.fr\/wp-content\/uploads\/2024\/05\/IMG_9364-1-2048x1536.jpg 2048w\" sizes=\"(max-width: 1024px) 100vw, 1024px\" \/>\t\t\t\t\t\t\t\t\t\t\t\t\t\t\t<\/div>\n\t\t\t\t<\/div>\n\t\t\t\t<div class=\"elementor-element elementor-element-c63c110 elementor-widget elementor-widget-text-editor\" data-id=\"c63c110\" data-element_type=\"widget\" data-e-type=\"widget\" data-widget_type=\"text-editor.default\">\n\t\t\t\t<div class=\"elementor-widget-container\">\n\t\t\t\t\t\t\t\t\t<p>Cabinet n\u00b023<a href=\"https:\/\/jl-co.fr\/index.php\/equipe\/#E\"><strong> Eva Loren Paredes<\/strong><\/a><\/p>\t\t\t\t\t\t\t\t<\/div>\n\t\t\t\t<\/div>\n\t\t\t\t<\/div>\n\t\t\t\t<\/div>\n\t\t<div class=\"elementor-element elementor-element-4e579c7 e-grid e-con-full e-con e-parent\" data-id=\"4e579c7\" data-element_type=\"container\" data-e-type=\"container\">\n\t\t\t\t<div class=\"elementor-element elementor-element-26e001f elementor-widget elementor-widget-eael-adv-accordion\" data-id=\"26e001f\" data-element_type=\"widget\" data-e-type=\"widget\" data-widget_type=\"eael-adv-accordion.default\">\n\t\t\t\t<div class=\"elementor-widget-container\">\n\t\t\t\t\t            <div class=\"eael-adv-accordion\" id=\"eael-adv-accordion-26e001f\" data-scroll-on-click=\"no\" data-scroll-speed=\"300\" data-accordion-id=\"26e001f\" data-accordion-type=\"accordion\" data-toogle-speed=\"300\">\n            <div class=\"eael-accordion-list\">\n\t\t\t\t\t<div id=\"honoraires-des-soins\" class=\"elementor-tab-title eael-accordion-header\" tabindex=\"0\" data-tab=\"1\" aria-controls=\"elementor-tab-content-4071\"><span class=\"eael-advanced-accordion-icon-closed\"><svg aria-hidden=\"true\" class=\"fa-accordion-icon e-font-icon-svg e-fas-plus\" viewBox=\"0 0 448 512\" xmlns=\"http:\/\/www.w3.org\/2000\/svg\"><path d=\"M416 208H272V64c0-17.67-14.33-32-32-32h-32c-17.67 0-32 14.33-32 32v144H32c-17.67 0-32 14.33-32 32v32c0 17.67 14.33 32 32 32h144v144c0 17.67 14.33 32 32 32h32c17.67 0 32-14.33 32-32V304h144c17.67 0 32-14.33 32-32v-32c0-17.67-14.33-32-32-32z\"><\/path><\/svg><\/span><span class=\"eael-advanced-accordion-icon-opened\"><svg aria-hidden=\"true\" class=\"fa-accordion-icon e-font-icon-svg e-fas-minus\" viewBox=\"0 0 448 512\" xmlns=\"http:\/\/www.w3.org\/2000\/svg\"><path d=\"M416 208H32c-17.67 0-32 14.33-32 32v32c0 17.67 14.33 32 32 32h384c17.67 0 32-14.33 32-32v-32c0-17.67-14.33-32-32-32z\"><\/path><\/svg><\/span><span class=\"eael-accordion-tab-title\">Honoraires des Soins<\/span><svg aria-hidden=\"true\" class=\"fa-toggle e-font-icon-svg e-fas-angle-right\" viewBox=\"0 0 256 512\" xmlns=\"http:\/\/www.w3.org\/2000\/svg\"><path d=\"M224.3 273l-136 136c-9.4 9.4-24.6 9.4-33.9 0l-22.6-22.6c-9.4-9.4-9.4-24.6 0-33.9l96.4-96.4-96.4-96.4c-9.4-9.4-9.4-24.6 0-33.9L54.3 103c9.4-9.4 24.6-9.4 33.9 0l136 136c9.5 9.4 9.5 24.6.1 34z\"><\/path><\/svg><\/div><div id=\"elementor-tab-content-4071\" class=\"eael-accordion-content clearfix\" data-tab=\"1\" aria-labelledby=\"honoraires-des-soins\"><p class=\"p1\">Publier les tarifs en ligne peut \u00eatre per\u00e7u comme une forme de publicit\u00e9. Cependant, les prix des services sont clairement affich\u00e9s dans nos cabinets de psychomotricit\u00e9. N&rsquo;h\u00e9sitez pas \u00e0 nous contacter si vous souhaitez obtenir un devis personnalis\u00e9.<\/p><\/div>\n\t\t\t\t\t<\/div><\/div>\t\t\t\t<\/div>\n\t\t\t\t<\/div>\n\t\t\t\t<div class=\"elementor-element elementor-element-c5d02c2 elementor-widget elementor-widget-eael-adv-accordion\" data-id=\"c5d02c2\" data-element_type=\"widget\" data-e-type=\"widget\" data-widget_type=\"eael-adv-accordion.default\">\n\t\t\t\t<div class=\"elementor-widget-container\">\n\t\t\t\t\t            <div class=\"eael-adv-accordion\" id=\"eael-adv-accordion-c5d02c2\" data-scroll-on-click=\"no\" data-scroll-speed=\"300\" data-accordion-id=\"c5d02c2\" data-accordion-type=\"accordion\" data-toogle-speed=\"300\">\n            <div class=\"eael-accordion-list\">\n\t\t\t\t\t<div id=\"modes-de-paiement-\" class=\"elementor-tab-title eael-accordion-header\" tabindex=\"0\" data-tab=\"1\" aria-controls=\"elementor-tab-content-2071\"><span class=\"eael-advanced-accordion-icon-closed\"><svg aria-hidden=\"true\" class=\"fa-accordion-icon e-font-icon-svg e-fas-plus\" viewBox=\"0 0 448 512\" xmlns=\"http:\/\/www.w3.org\/2000\/svg\"><path d=\"M416 208H272V64c0-17.67-14.33-32-32-32h-32c-17.67 0-32 14.33-32 32v144H32c-17.67 0-32 14.33-32 32v32c0 17.67 14.33 32 32 32h144v144c0 17.67 14.33 32 32 32h32c17.67 0 32-14.33 32-32V304h144c17.67 0 32-14.33 32-32v-32c0-17.67-14.33-32-32-32z\"><\/path><\/svg><\/span><span class=\"eael-advanced-accordion-icon-opened\"><svg aria-hidden=\"true\" class=\"fa-accordion-icon e-font-icon-svg e-fas-minus\" viewBox=\"0 0 448 512\" xmlns=\"http:\/\/www.w3.org\/2000\/svg\"><path d=\"M416 208H32c-17.67 0-32 14.33-32 32v32c0 17.67 14.33 32 32 32h384c17.67 0 32-14.33 32-32v-32c0-17.67-14.33-32-32-32z\"><\/path><\/svg><\/span><span class=\"eael-accordion-tab-title\">Modes de Paiement <\/span><svg aria-hidden=\"true\" class=\"fa-toggle e-font-icon-svg e-fas-angle-right\" viewBox=\"0 0 256 512\" xmlns=\"http:\/\/www.w3.org\/2000\/svg\"><path d=\"M224.3 273l-136 136c-9.4 9.4-24.6 9.4-33.9 0l-22.6-22.6c-9.4-9.4-9.4-24.6 0-33.9l96.4-96.4-96.4-96.4c-9.4-9.4-9.4-24.6 0-33.9L54.3 103c9.4-9.4 24.6-9.4 33.9 0l136 136c9.5 9.4 9.5 24.6.1 34z\"><\/path><\/svg><\/div><div id=\"elementor-tab-content-2071\" class=\"eael-accordion-content clearfix\" data-tab=\"1\" aria-labelledby=\"modes-de-paiement-\"><p class=\"p1\">Nous acceptons les r\u00e8glements par ch\u00e8que, esp\u00e8ces et carte bancaire.\u00a0<\/p><p class=\"p1\">Les actes de psychomotricit\u00e9 en lib\u00e9ral sont r\u00e9alis\u00e9s\u00a0uniquement sur prescription m\u00e9dicale.<\/p><p class=\"p2\">De plus, afin d&rsquo;\u00e9viter tout frais pour le temps qui vous est r\u00e9serv\u00e9, veuillez modifier votre rendez-vous au moins 48 heures \u00e0 l&rsquo;avance, que ce soit par SMS, e-mail ou t\u00e9l\u00e9phone.<\/p><\/div>\n\t\t\t\t\t<\/div><\/div>\t\t\t\t<\/div>\n\t\t\t\t<\/div>\n\t\t\t\t<div class=\"elementor-element elementor-element-eb5e398 elementor-widget elementor-widget-eael-adv-accordion\" data-id=\"eb5e398\" data-element_type=\"widget\" data-e-type=\"widget\" data-widget_type=\"eael-adv-accordion.default\">\n\t\t\t\t<div class=\"elementor-widget-container\">\n\t\t\t\t\t            <div class=\"eael-adv-accordion\" id=\"eael-adv-accordion-eb5e398\" data-scroll-on-click=\"no\" data-scroll-speed=\"300\" data-accordion-id=\"eb5e398\" data-accordion-type=\"accordion\" data-toogle-speed=\"300\">\n            <div class=\"eael-accordion-list\">\n\t\t\t\t\t<div id=\"quelques-informations\" class=\"elementor-tab-title eael-accordion-header\" tabindex=\"0\" data-tab=\"1\" aria-controls=\"elementor-tab-content-2461\"><span class=\"eael-advanced-accordion-icon-closed\"><svg aria-hidden=\"true\" class=\"fa-accordion-icon e-font-icon-svg e-fas-plus\" viewBox=\"0 0 448 512\" xmlns=\"http:\/\/www.w3.org\/2000\/svg\"><path d=\"M416 208H272V64c0-17.67-14.33-32-32-32h-32c-17.67 0-32 14.33-32 32v144H32c-17.67 0-32 14.33-32 32v32c0 17.67 14.33 32 32 32h144v144c0 17.67 14.33 32 32 32h32c17.67 0 32-14.33 32-32V304h144c17.67 0 32-14.33 32-32v-32c0-17.67-14.33-32-32-32z\"><\/path><\/svg><\/span><span class=\"eael-advanced-accordion-icon-opened\"><svg aria-hidden=\"true\" class=\"fa-accordion-icon e-font-icon-svg e-fas-minus\" viewBox=\"0 0 448 512\" xmlns=\"http:\/\/www.w3.org\/2000\/svg\"><path d=\"M416 208H32c-17.67 0-32 14.33-32 32v32c0 17.67 14.33 32 32 32h384c17.67 0 32-14.33 32-32v-32c0-17.67-14.33-32-32-32z\"><\/path><\/svg><\/span><span class=\"eael-accordion-tab-title\">Quelques informations<\/span><svg aria-hidden=\"true\" class=\"fa-toggle e-font-icon-svg e-fas-angle-right\" viewBox=\"0 0 256 512\" xmlns=\"http:\/\/www.w3.org\/2000\/svg\"><path d=\"M224.3 273l-136 136c-9.4 9.4-24.6 9.4-33.9 0l-22.6-22.6c-9.4-9.4-9.4-24.6 0-33.9l96.4-96.4-96.4-96.4c-9.4-9.4-9.4-24.6 0-33.9L54.3 103c9.4-9.4 24.6-9.4 33.9 0l136 136c9.5 9.4 9.5 24.6.1 34z\"><\/path><\/svg><\/div><div id=\"elementor-tab-content-2461\" class=\"eael-accordion-content clearfix\" data-tab=\"1\" aria-labelledby=\"quelques-informations\"><ul><li><p class=\"p1\">Consultation uniquement sur rendez-vous.<\/p><\/li><li>Locaux accessibles<p class=\"p1\">aux personnes \u00e0 mobilit\u00e9s r\u00e9duite.<\/p><\/li><li><p class=\"p1\">Ouvert du lundi au vendredi de 8h \u00e0 20h.<\/p><\/li><li>La salle d&rsquo;attente s&rsquo;appelle la salle marron.<\/li><\/ul><\/div>\n\t\t\t\t\t<\/div><\/div>\t\t\t\t<\/div>\n\t\t\t\t<\/div>\n\t\t\t\t<\/div>\n\t\t\t\t<\/div>\n\t\t","protected":false},"excerpt":{"rendered":"<p>NOS STRUCTURES ADAPT\u00c9ES Dans nos locaux, vous d\u00e9couvrirez un environnement chaleureux et accueillant, con\u00e7u pour vous mettre \u00e0 l&rsquo;aise d\u00e8s votre arriv\u00e9e.\u00a0 Nous disposons de deux cabinets de 35m\u00b2 chacun, vous offrant ainsi un espace confortable pour votre suivi m\u00e9dical. En plus de nous, vous serez entour\u00e9s de nombreux autres professionnels de la sant\u00e9, assurant&#8230;<\/p>\n","protected":false},"author":1,"featured_media":0,"parent":0,"menu_order":0,"comment_status":"closed","ping_status":"closed","template":"","meta":{"_kad_post_transparent":"","_kad_post_title":"hide","_kad_post_layout":"fullwidth","_kad_post_sidebar_id":"","_kad_post_content_style":"unboxed","_kad_post_vertical_padding":"hide","_kad_post_feature":"hide","_kad_post_feature_position":"","_kad_post_header":false,"_kad_post_footer":false,"footnotes":""},"class_list":["post-43","page","type-page","status-publish","hentry"],"yoast_head":"<!-- This site is optimized with the Yoast SEO plugin v27.3 - https:\/\/yoast.com\/product\/yoast-seo-wordpress\/ -->\n<title>CABINET - jl-co.fr<\/title>\n<meta name=\"robots\" content=\"index, follow, max-snippet:-1, max-image-preview:large, max-video-preview:-1\" \/>\n<link rel=\"canonical\" href=\"https:\/\/jl-co.fr\/index.php\/cabinet\/\" \/>\n<meta property=\"og:locale\" content=\"fr_FR\" \/>\n<meta property=\"og:type\" content=\"article\" \/>\n<meta property=\"og:title\" content=\"CABINET - jl-co.fr\" \/>\n<meta property=\"og:description\" content=\"NOS STRUCTURES ADAPT\u00c9ES Dans nos locaux, vous d\u00e9couvrirez un environnement chaleureux et accueillant, con\u00e7u pour vous mettre \u00e0 l&rsquo;aise d\u00e8s votre arriv\u00e9e.\u00a0 Nous disposons de deux cabinets de 35m\u00b2 chacun, vous offrant ainsi un espace confortable pour votre suivi m\u00e9dical. En plus de nous, vous serez entour\u00e9s de nombreux autres professionnels de la sant\u00e9, assurant...\" \/>\n<meta property=\"og:url\" content=\"https:\/\/jl-co.fr\/index.php\/cabinet\/\" \/>\n<meta property=\"og:site_name\" content=\"jl-co.fr\" \/>\n<meta property=\"article:modified_time\" content=\"2024-05-19T23:31:40+00:00\" \/>\n<meta property=\"og:image\" content=\"http:\/\/jl-co.fr\/wp-content\/uploads\/2024\/05\/IMG_9832-1024x796.jpg\" \/>\n<meta name=\"twitter:card\" content=\"summary_large_image\" \/>\n<meta name=\"twitter:label1\" content=\"Dur\u00e9e de lecture estim\u00e9e\" \/>\n\t<meta name=\"twitter:data1\" content=\"2 minutes\" \/>\n<script type=\"application\/ld+json\" class=\"yoast-schema-graph\">{\"@context\":\"https:\\\/\\\/schema.org\",\"@graph\":[{\"@type\":\"WebPage\",\"@id\":\"https:\\\/\\\/jl-co.fr\\\/index.php\\\/cabinet\\\/\",\"url\":\"https:\\\/\\\/jl-co.fr\\\/index.php\\\/cabinet\\\/\",\"name\":\"CABINET - jl-co.fr\",\"isPartOf\":{\"@id\":\"https:\\\/\\\/jl-co.fr\\\/#website\"},\"primaryImageOfPage\":{\"@id\":\"https:\\\/\\\/jl-co.fr\\\/index.php\\\/cabinet\\\/#primaryimage\"},\"image\":{\"@id\":\"https:\\\/\\\/jl-co.fr\\\/index.php\\\/cabinet\\\/#primaryimage\"},\"thumbnailUrl\":\"http:\\\/\\\/jl-co.fr\\\/wp-content\\\/uploads\\\/2024\\\/05\\\/IMG_9832-1024x796.jpg\",\"datePublished\":\"2024-04-01T11:55:42+00:00\",\"dateModified\":\"2024-05-19T23:31:40+00:00\",\"breadcrumb\":{\"@id\":\"https:\\\/\\\/jl-co.fr\\\/index.php\\\/cabinet\\\/#breadcrumb\"},\"inLanguage\":\"fr-FR\",\"potentialAction\":[{\"@type\":\"ReadAction\",\"target\":[\"https:\\\/\\\/jl-co.fr\\\/index.php\\\/cabinet\\\/\"]}]},{\"@type\":\"ImageObject\",\"inLanguage\":\"fr-FR\",\"@id\":\"https:\\\/\\\/jl-co.fr\\\/index.php\\\/cabinet\\\/#primaryimage\",\"url\":\"https:\\\/\\\/jl-co.fr\\\/wp-content\\\/uploads\\\/2024\\\/05\\\/IMG_9832-scaled.jpg\",\"contentUrl\":\"https:\\\/\\\/jl-co.fr\\\/wp-content\\\/uploads\\\/2024\\\/05\\\/IMG_9832-scaled.jpg\",\"width\":2560,\"height\":1989,\"caption\":\"cabinet 1\"},{\"@type\":\"BreadcrumbList\",\"@id\":\"https:\\\/\\\/jl-co.fr\\\/index.php\\\/cabinet\\\/#breadcrumb\",\"itemListElement\":[{\"@type\":\"ListItem\",\"position\":1,\"name\":\"Accueil\",\"item\":\"https:\\\/\\\/jl-co.fr\\\/\"},{\"@type\":\"ListItem\",\"position\":2,\"name\":\"CABINET\"}]},{\"@type\":\"WebSite\",\"@id\":\"https:\\\/\\\/jl-co.fr\\\/#website\",\"url\":\"https:\\\/\\\/jl-co.fr\\\/\",\"name\":\"jl-co.fr\",\"description\":\"\",\"publisher\":{\"@id\":\"https:\\\/\\\/jl-co.fr\\\/#organization\"},\"potentialAction\":[{\"@type\":\"SearchAction\",\"target\":{\"@type\":\"EntryPoint\",\"urlTemplate\":\"https:\\\/\\\/jl-co.fr\\\/?s={search_term_string}\"},\"query-input\":{\"@type\":\"PropertyValueSpecification\",\"valueRequired\":true,\"valueName\":\"search_term_string\"}}],\"inLanguage\":\"fr-FR\"},{\"@type\":\"Organization\",\"@id\":\"https:\\\/\\\/jl-co.fr\\\/#organization\",\"name\":\"jl-co.fr\",\"url\":\"https:\\\/\\\/jl-co.fr\\\/\",\"logo\":{\"@type\":\"ImageObject\",\"inLanguage\":\"fr-FR\",\"@id\":\"https:\\\/\\\/jl-co.fr\\\/#\\\/schema\\\/logo\\\/image\\\/\",\"url\":\"https:\\\/\\\/jl-co.fr\\\/wp-content\\\/uploads\\\/2024\\\/04\\\/JLCO-fond.png\",\"contentUrl\":\"https:\\\/\\\/jl-co.fr\\\/wp-content\\\/uploads\\\/2024\\\/04\\\/JLCO-fond.png\",\"width\":1228,\"height\":624,\"caption\":\"jl-co.fr\"},\"image\":{\"@id\":\"https:\\\/\\\/jl-co.fr\\\/#\\\/schema\\\/logo\\\/image\\\/\"}}]}<\/script>\n<!-- \/ Yoast SEO plugin. -->","yoast_head_json":{"title":"CABINET - jl-co.fr","robots":{"index":"index","follow":"follow","max-snippet":"max-snippet:-1","max-image-preview":"max-image-preview:large","max-video-preview":"max-video-preview:-1"},"canonical":"https:\/\/jl-co.fr\/index.php\/cabinet\/","og_locale":"fr_FR","og_type":"article","og_title":"CABINET - jl-co.fr","og_description":"NOS STRUCTURES ADAPT\u00c9ES Dans nos locaux, vous d\u00e9couvrirez un environnement chaleureux et accueillant, con\u00e7u pour vous mettre \u00e0 l&rsquo;aise d\u00e8s votre arriv\u00e9e.\u00a0 Nous disposons de deux cabinets de 35m\u00b2 chacun, vous offrant ainsi un espace confortable pour votre suivi m\u00e9dical. En plus de nous, vous serez entour\u00e9s de nombreux autres professionnels de la sant\u00e9, assurant...","og_url":"https:\/\/jl-co.fr\/index.php\/cabinet\/","og_site_name":"jl-co.fr","article_modified_time":"2024-05-19T23:31:40+00:00","og_image":[{"url":"http:\/\/jl-co.fr\/wp-content\/uploads\/2024\/05\/IMG_9832-1024x796.jpg","type":"","width":"","height":""}],"twitter_card":"summary_large_image","twitter_misc":{"Dur\u00e9e de lecture estim\u00e9e":"2 minutes"},"schema":{"@context":"https:\/\/schema.org","@graph":[{"@type":"WebPage","@id":"https:\/\/jl-co.fr\/index.php\/cabinet\/","url":"https:\/\/jl-co.fr\/index.php\/cabinet\/","name":"CABINET - jl-co.fr","isPartOf":{"@id":"https:\/\/jl-co.fr\/#website"},"primaryImageOfPage":{"@id":"https:\/\/jl-co.fr\/index.php\/cabinet\/#primaryimage"},"image":{"@id":"https:\/\/jl-co.fr\/index.php\/cabinet\/#primaryimage"},"thumbnailUrl":"http:\/\/jl-co.fr\/wp-content\/uploads\/2024\/05\/IMG_9832-1024x796.jpg","datePublished":"2024-04-01T11:55:42+00:00","dateModified":"2024-05-19T23:31:40+00:00","breadcrumb":{"@id":"https:\/\/jl-co.fr\/index.php\/cabinet\/#breadcrumb"},"inLanguage":"fr-FR","potentialAction":[{"@type":"ReadAction","target":["https:\/\/jl-co.fr\/index.php\/cabinet\/"]}]},{"@type":"ImageObject","inLanguage":"fr-FR","@id":"https:\/\/jl-co.fr\/index.php\/cabinet\/#primaryimage","url":"https:\/\/jl-co.fr\/wp-content\/uploads\/2024\/05\/IMG_9832-scaled.jpg","contentUrl":"https:\/\/jl-co.fr\/wp-content\/uploads\/2024\/05\/IMG_9832-scaled.jpg","width":2560,"height":1989,"caption":"cabinet 1"},{"@type":"BreadcrumbList","@id":"https:\/\/jl-co.fr\/index.php\/cabinet\/#breadcrumb","itemListElement":[{"@type":"ListItem","position":1,"name":"Accueil","item":"https:\/\/jl-co.fr\/"},{"@type":"ListItem","position":2,"name":"CABINET"}]},{"@type":"WebSite","@id":"https:\/\/jl-co.fr\/#website","url":"https:\/\/jl-co.fr\/","name":"jl-co.fr","description":"","publisher":{"@id":"https:\/\/jl-co.fr\/#organization"},"potentialAction":[{"@type":"SearchAction","target":{"@type":"EntryPoint","urlTemplate":"https:\/\/jl-co.fr\/?s={search_term_string}"},"query-input":{"@type":"PropertyValueSpecification","valueRequired":true,"valueName":"search_term_string"}}],"inLanguage":"fr-FR"},{"@type":"Organization","@id":"https:\/\/jl-co.fr\/#organization","name":"jl-co.fr","url":"https:\/\/jl-co.fr\/","logo":{"@type":"ImageObject","inLanguage":"fr-FR","@id":"https:\/\/jl-co.fr\/#\/schema\/logo\/image\/","url":"https:\/\/jl-co.fr\/wp-content\/uploads\/2024\/04\/JLCO-fond.png","contentUrl":"https:\/\/jl-co.fr\/wp-content\/uploads\/2024\/04\/JLCO-fond.png","width":1228,"height":624,"caption":"jl-co.fr"},"image":{"@id":"https:\/\/jl-co.fr\/#\/schema\/logo\/image\/"}}]}},"jetpack_sharing_enabled":true,"_links":{"self":[{"href":"https:\/\/jl-co.fr\/index.php\/wp-json\/wp\/v2\/pages\/43","targetHints":{"allow":["GET"]}}],"collection":[{"href":"https:\/\/jl-co.fr\/index.php\/wp-json\/wp\/v2\/pages"}],"about":[{"href":"https:\/\/jl-co.fr\/index.php\/wp-json\/wp\/v2\/types\/page"}],"author":[{"embeddable":true,"href":"https:\/\/jl-co.fr\/index.php\/wp-json\/wp\/v2\/users\/1"}],"replies":[{"embeddable":true,"href":"https:\/\/jl-co.fr\/index.php\/wp-json\/wp\/v2\/comments?post=43"}],"version-history":[{"count":95,"href":"https:\/\/jl-co.fr\/index.php\/wp-json\/wp\/v2\/pages\/43\/revisions"}],"predecessor-version":[{"id":1271,"href":"https:\/\/jl-co.fr\/index.php\/wp-json\/wp\/v2\/pages\/43\/revisions\/1271"}],"wp:attachment":[{"href":"https:\/\/jl-co.fr\/index.php\/wp-json\/wp\/v2\/media?parent=43"}],"curies":[{"name":"wp","href":"https:\/\/api.w.org\/{rel}","templated":true}]}}